{"id":49,"date":"2021-02-22T11:44:03","date_gmt":"2021-02-22T10:44:03","guid":{"rendered":"http:\/\/mainzer-hospiz.de\/kinderpalliativteam-mainz\/?page_id=49"},"modified":"2026-03-19T13:54:20","modified_gmt":"2026-03-19T12:54:20","slug":"unser-team","status":"publish","type":"page","link":"https:\/\/mainzer-hospiz.de\/kinderpalliativteam-mainz\/unser-team\/","title":{"rendered":"Unser Team"},"content":{"rendered":"<section class=\"content-section tbe-custom-background-color tbe-custom-background-color-weiss\">\n<div class=\"grid tbe-module-grid\">\n<div class=\"row\">\n<div class=\"col desktop-12 tablet-12 phablet-12 phone-12 tbe-module-text-column\" data-columns=\"1\">\n<h1>Unser Team<\/h1>\n<\/div>\n<\/div>\n<\/div>\n<div class=\"grid\">\n<div class=\"row\">\n<div class=\"col desktop-6 tablet-9 phablet-12 phone-12 tbe-module-text-column tbe-module-marginal-column-right\">\n<p class=\"lead-paragraph\">Unser Team besteht aus Palliativfachpflegekr\u00e4ften und Fach\u00e4rzten verschiedener Fachrichtungen mit palliativer Zusatzbezeichnung.<\/p>\n<p class=\"p1\">Unser Ziel ist es, Familien mit betroffenen Kindern durch Entlastung, Unterst\u00fctzung und Begleitung den Wunsch auf ein m\u00f6glichst selbstbestimmtes Leben als Familie im eigenen Zuhause zu erm\u00f6glichen.<\/p>\n<\/div>\n<div class=\"col desktop-6 tablet-9 phablet-12 phone-12 tbe-module-column\">\n<div data-boxcolor=\"pink\" class=\"content-box\">\n<h6>Wir sind f\u00fcr Sie da<\/h6>\n<p>F\u00fcr Ihre Anliegen, Anfragen und Informationen erreichen Sie unser B\u00fcro t\u00e4glich von 08:00 bis 17:00 Uhr<\/p>\n<p><span class=\"has-icon\" data-icon=\"phone-outlined\">Tel: +49 (0) 6131 636 256 8<\/span><br \/>\n<span class=\"has-icon\" data-icon=\"fax-outlined\">Fax: +49 (0) 6131 636 255 3<\/span><br \/>\n<a href=\"mailto:kinderpalliativteam@mainzer-hospiz.de\"><span class=\"has-icon\" data-icon=\"mail-outlined\">kinderpalliativteam@mainzer-hospiz.de<\/span><\/a><\/p>\n<\/div>\n<\/div>\n<\/div>\n<\/div>\n<\/section>\n<section class=\"content-section tbe-custom-background-color tbe-custom-background-color-grau\">\n<div class=\"grid\">\n<div class=\"row\">\n<div class=\"col desktop-12 tablet-12 phablet-12 phone-12 tbe-module-text-column\" data-columns=\"1\">\n<h2>Das Kinderpalliativteam Mainz<\/h2>\n<\/div>\n<\/div>\n<\/div>\n<div class=\"grid\">\n<div class=\"row\">\n<div class=\"col desktop-12 tablet-12 phablet-12 phone-12 tbe-module-column\">\n<div class='contact-person-list'><div class='row'>    \n    <div id=\"contact-person-3027\" class=\"col desktop-4 tablet-4 phablet-6 phone-12 the-contact-person\">\n                    <div class=\"contact-person-image\"\n                 title=\"Frau Weber\"\n                 style=\"background-image: url('https:\/\/mainzer-hospiz.de\/kinderpalliativteam-mainz\/wp-content\/uploads\/2021\/03\/Frau_Weber-1024x629.jpg');\"><\/div>\n        \n        <div class=\"contact-person-info-container\">\n            <p class=\"contact-person-name\">\n                Dr. med. Carola Weber                                    <span class=\"contact-person-job-title\">\u00c4rztliche Leitung, Fach\u00e4rztin f\u00fcr Kinder- und Jugendmedizin, P\u00e4d. H\u00e4matologie und Onkologie, Palliativmedizin, Akupunktur, Naturheilkunde<\/span>\n                            <\/p>\n\n                            <ul class=\"contact-person-info\">\n                                                                                                                                                                                            \n                        <li class=\"contact-person-info-item contact-person-info-item-email\">\n                                                        <a href=\"mailto:weber@mainzer-hospiz.de\">\n                                <span class=\"has-icon\" data-icon=\"mail-outlined\">E-Mail schreiben<\/span>\n                            <\/a>\n                        <\/li>\n\n                                    <\/ul>\n                    <\/div>\n    <\/div>\n\n    \n    <div id=\"contact-person-5992\" class=\"col desktop-4 tablet-4 phablet-6 phone-12 the-contact-person\">\n                    <div class=\"contact-person-image\"\n                 title=\"Cubela\"\n                 style=\"background-image: url('https:\/\/mainzer-hospiz.de\/kinderpalliativteam-mainz\/wp-content\/uploads\/2025\/10\/Cubela-1024x684.jpg');\"><\/div>\n        \n        <div class=\"contact-person-info-container\">\n            <p class=\"contact-person-name\">\n                Dijana \u010cubela                                    <span class=\"contact-person-job-title\">Psychosoziale Fachkraft, Psychologin<\/span>\n                            <\/p>\n\n                    <\/div>\n    <\/div>\n\n    \n    <div id=\"contact-person-5991\" class=\"col desktop-4 tablet-4 phablet-6 phone-12 the-contact-person\">\n                    <div class=\"contact-person-image\"\n                 title=\"Dittrich kl\"\n                 style=\"background-image: url('https:\/\/mainzer-hospiz.de\/kinderpalliativteam-mainz\/wp-content\/uploads\/2025\/10\/Dittrich_kl-1024x683.jpg');\"><\/div>\n        \n        <div class=\"contact-person-info-container\">\n            <p class=\"contact-person-name\">\n                Dr. med. Simone Dittrich                                    <span class=\"contact-person-job-title\">Fach\u00e4rztin f\u00fcr Kinder- und Jugendmedizin, Palliativmedizin<\/span>\n                            <\/p>\n\n                    <\/div>\n    <\/div>\n\n    \n    <div id=\"contact-person-6236\" class=\"col desktop-4 tablet-4 phablet-6 phone-12 the-contact-person\">\n                    <div class=\"contact-person-image\"\n                 title=\"Dr. med. Juljana-Marie Gr\u00fcnder,\nFach\u00e4rztin f\u00fcr Kinder- und Jugendmedizin\"\n                 style=\"background-image: url('https:\/\/mainzer-hospiz.de\/kinderpalliativteam-mainz\/wp-content\/uploads\/2026\/04\/Gruender-1024x683.jpg');\"><\/div>\n        \n        <div class=\"contact-person-info-container\">\n            <p class=\"contact-person-name\">\n                Dr. med. Juljana-Marie Gr\u00fcnder                                    <span class=\"contact-person-job-title\">Fach\u00e4rztin f\u00fcr Kinder- und Jugendmedizin<\/span>\n                            <\/p>\n\n                    <\/div>\n    <\/div>\n\n    \n    <div id=\"contact-person-3103\" class=\"col desktop-4 tablet-4 phablet-6 phone-12 the-contact-person\">\n                    <div class=\"contact-person-image\"\n                 title=\"Frau Jost\"\n                 style=\"background-image: url('https:\/\/mainzer-hospiz.de\/kinderpalliativteam-mainz\/wp-content\/uploads\/2021\/03\/Frau_Jost-1024x611.jpg');\"><\/div>\n        \n        <div class=\"contact-person-info-container\">\n            <p class=\"contact-person-name\">\n                Regina Jost                                    <span class=\"contact-person-job-title\">Verwaltungsmitarbeiterin, Medizinische Fachangestellte, Palliative Care<\/span>\n                            <\/p>\n\n                    <\/div>\n    <\/div>\n\n    \n    <div id=\"contact-person-5340\" class=\"col desktop-4 tablet-4 phablet-6 phone-12 the-contact-person\">\n                    <div class=\"contact-person-image\"\n                 title=\"Dr. med. David Mauer, Facharzt f\u00fcr Kinder- und Jugendmedizin\"\n                 style=\"background-image: url('https:\/\/mainzer-hospiz.de\/kinderpalliativteam-mainz\/wp-content\/uploads\/2024\/03\/Maurer-1024x769.jpg');\"><\/div>\n        \n        <div class=\"contact-person-info-container\">\n            <p class=\"contact-person-name\">\n                Dr. med. David Mauer                                    <span class=\"contact-person-job-title\">Facharzt f\u00fcr Kinder- und Jugendmedizin, Palliativmedizin<\/span>\n                            <\/p>\n\n                    <\/div>\n    <\/div>\n\n    \n    <div id=\"contact-person-5641\" class=\"col desktop-4 tablet-4 phablet-6 phone-12 the-contact-person\">\n                    <div class=\"contact-person-image\"\n                 title=\"Molitor kl\"\n                 style=\"background-image: url('https:\/\/mainzer-hospiz.de\/kinderpalliativteam-mainz\/wp-content\/uploads\/2024\/12\/Molitor_kl-1024x683.jpg');\"><\/div>\n        \n        <div class=\"contact-person-info-container\">\n            <p class=\"contact-person-name\">\n                Johanna Molitor                                    <span class=\"contact-person-job-title\">Gesundheits- und Kinderkrankenpflegerin, Palliative Care<\/span>\n                            <\/p>\n\n                    <\/div>\n    <\/div>\n\n    \n    <div id=\"contact-person-6234\" class=\"col desktop-4 tablet-4 phablet-6 phone-12 the-contact-person\">\n                    <div class=\"contact-person-image\"\n                 title=\"Ivy Riebes,\nGesundheits- und Kinderkrankenpflegerin\"\n                 style=\"background-image: url('https:\/\/mainzer-hospiz.de\/kinderpalliativteam-mainz\/wp-content\/uploads\/2026\/04\/Riebes-1024x683.jpg');\"><\/div>\n        \n        <div class=\"contact-person-info-container\">\n            <p class=\"contact-person-name\">\n                Ivy Riebes                                    <span class=\"contact-person-job-title\">Gesundheits- und Kinderkrankenpflegerin<\/span>\n                            <\/p>\n\n                    <\/div>\n    <\/div>\n\n    \n    <div id=\"contact-person-6074\" class=\"col desktop-4 tablet-4 phablet-6 phone-12 the-contact-person\">\n                    <div class=\"contact-person-image\"\n                 title=\"Aileen Sch\u00e4fer,\nGesundheits- und Kinderkrankenpflegerin\"\n                 style=\"background-image: url('https:\/\/mainzer-hospiz.de\/kinderpalliativteam-mainz\/wp-content\/uploads\/2026\/01\/Schaefer-1024x683.jpg');\"><\/div>\n        \n        <div class=\"contact-person-info-container\">\n            <p class=\"contact-person-name\">\n                Aileen Sch\u00e4fer                                    <span class=\"contact-person-job-title\">Gesundheits- und Kinderkrankenpflegerin<\/span>\n                            <\/p>\n\n                    <\/div>\n    <\/div>\n\n    \n    <div id=\"contact-person-6232\" class=\"col desktop-4 tablet-4 phablet-6 phone-12 the-contact-person\">\n                    <div class=\"contact-person-image\"\n                 title=\"Sabine Weinheimer,\nPflegerische Leitung Kinderpalliativteam\"\n                 style=\"background-image: url('https:\/\/mainzer-hospiz.de\/kinderpalliativteam-mainz\/wp-content\/uploads\/2026\/04\/Weinheimer-1024x683.jpg');\"><\/div>\n        \n        <div class=\"contact-person-info-container\">\n            <p class=\"contact-person-name\">\n                Sabine Weinheimer                                    <span class=\"contact-person-job-title\">Pflegerische Leitung Kinderpalliativteam<\/span>\n                            <\/p>\n\n                            <ul class=\"contact-person-info\">\n                                                                                                                                                                                            \n                        <li class=\"contact-person-info-item contact-person-info-item-email\">\n                                                        <a href=\"mailto:weinheimer@mainzer-hospiz.de\">\n                                <span class=\"has-icon\" data-icon=\"mail-outlined\">E-Mail schreiben<\/span>\n                            <\/a>\n                        <\/li>\n\n                                    <\/ul>\n                    <\/div>\n    <\/div>\n\n<\/div><\/div>\n<\/div>\n<\/div>\n<\/div>\n<\/section>\n","protected":false},"excerpt":{"rendered":"<p>Um selbstbestimmt zu leben, braucht es in schwierigen Zeiten einen verl\u00e4sslichen Partner.<\/p>\n","protected":false},"author":2,"featured_media":0,"parent":0,"menu_order":10,"comment_status":"closed","ping_status":"closed","template":"","meta":{"footnotes":""},"class_list":["post-49","page","type-page","status-publish","hentry"],"_links":{"self":[{"href":"https:\/\/mainzer-hospiz.de\/kinderpalliativteam-mainz\/wp-json\/wp\/v2\/pages\/49","targetHints":{"allow":["GET"]}}],"collection":[{"href":"https:\/\/mainzer-hospiz.de\/kinderpalliativteam-mainz\/wp-json\/wp\/v2\/pages"}],"about":[{"href":"https:\/\/mainzer-hospiz.de\/kinderpalliativteam-mainz\/wp-json\/wp\/v2\/types\/page"}],"author":[{"embeddable":true,"href":"https:\/\/mainzer-hospiz.de\/kinderpalliativteam-mainz\/wp-json\/wp\/v2\/users\/2"}],"replies":[{"embeddable":true,"href":"https:\/\/mainzer-hospiz.de\/kinderpalliativteam-mainz\/wp-json\/wp\/v2\/comments?post=49"}],"version-history":[{"count":3,"href":"https:\/\/mainzer-hospiz.de\/kinderpalliativteam-mainz\/wp-json\/wp\/v2\/pages\/49\/revisions"}],"predecessor-version":[{"id":493,"href":"https:\/\/mainzer-hospiz.de\/kinderpalliativteam-mainz\/wp-json\/wp\/v2\/pages\/49\/revisions\/493"}],"wp:attachment":[{"href":"https:\/\/mainzer-hospiz.de\/kinderpalliativteam-mainz\/wp-json\/wp\/v2\/media?parent=49"}],"curies":[{"name":"wp","href":"https:\/\/api.w.org\/{rel}","templated":true}]}}