{"id":40,"date":"2021-02-22T11:39:14","date_gmt":"2021-02-22T10:39:14","guid":{"rendered":"http:\/\/mainzer-hospiz.de\/kinderpalliativteam-mainz\/?page_id=40"},"modified":"2023-03-02T11:13:41","modified_gmt":"2023-03-02T10:13:41","slug":"anfragen-antragsstellung","status":"publish","type":"page","link":"https:\/\/mainzer-hospiz.de\/kinderpalliativteam-mainz\/anfragen-antragsstellung\/","title":{"rendered":"Anfragen"},"content":{"rendered":"<h1>Von der Anfrage bis zur Antragsstellung<\/h1>\n<p>Der Wunsch der Eltern und die medizinische Notwendigkeit aus Sicht des Kinderarztes sind Grundvoraussetzungen f\u00fcr eine SAPV-Versorgung bei Kindern und Jugendlichen.<\/p>\n<p>Die Beantragung der Leistungen f\u00fcr eine SAPV bei den Krankenkassen erfolgt \u00fcber das Formblatt 63 entsprechend den folgenden Punkten.<\/p>\n<h2><span class=\"has-icon\" data-icon=\"asterisk-outlined\"><span style=\"color: #919daf;\"><strong>01<\/strong> \u2013<\/span> Palliative Erkrankung<\/span><\/h2>\n<ul>\n<li>lebensbedrohlich<\/li>\n<li>fortschreitend<\/li>\n<li>weit fortgeschritten<\/li>\n<\/ul>\n<h2><span class=\"has-icon\" data-icon=\"list-2\"><span style=\"color: #919daf;\"><strong>02<\/strong> \u2013 <\/span>Voraussetzung f\u00fcr SAPPV<\/span><\/h2>\n<ul>\n<li><a href=\"https:\/\/mainzer-hospiz.de\/kinderpalliativteam-mainz\/erkrankungen-mit-versorgungsanspruch\/\" target=\"_blank\" rel=\"noopener\">Erkrankung mit Versorgungsanspruch<\/a> ist gegeben (siehe ACT-Gruppen)<\/li>\n<li>aus Sicht des Kinderarztes\/der Kinder\u00e4rztin besteht die Notwendigkeit<\/li>\n<li>Wunsch der Eltern nach einer palliativen Versorgung besteht<\/li>\n<\/ul>\n<h2><span class=\"has-icon\" data-icon=\"sign-up-1\"><span style=\"color: #919daf;\"><strong>03<\/strong> \u2014<\/span> Antragsstellung<\/span><\/h2>\n<ul>\n<li>kann nur durch den betreuenden Kinderarzt\/die betreuende Kinder\u00e4rztin erfolgen<\/li>\n<li>die Klinik kann nur Antr\u00e4ge mit kurzfristiger G\u00fcltigkeit (7 Tage) ausstellen<\/li>\n<li>erfolgt \u00fcber das Formblatt 63<\/li>\n<\/ul>\n<h2><span class=\"has-icon\" data-icon=\"text-file\"><span style=\"color: #919daf;\"><strong>04<\/strong> \u2014<\/span> Formblatt 63<\/span><\/h2>\n<ul>\n<li>Unterst\u00fctzung in der Antragstellung durch das p\u00e4diatrische SAPPV-Team<\/li>\n<li>Antrag wird nach dem First Assessment durch das p\u00e4diatrische SAPPV-Team an die Krankenkasse verschickt<\/li>\n<\/ul>\n<div data-boxcolor=\"pink\" class=\"content-box\">\n<h3>Wir sind f\u00fcr Sie da<\/h3>\n<p>F\u00fcr Ihre Anliegen, Anfragen und Informationen erreichen Sie unser B\u00fcro t\u00e4glich von 08:00 bis 17:00 Uhr<\/p>\n<p><a class=\"button-primary\" href=\"https:\/\/mainzer-hospiz.de\/kinderpalliativteam-mainz\/kontakt\/\" rel=\"noopener\">Kontakt<\/a><\/p>\n<\/div>\n","protected":false},"excerpt":{"rendered":"<p>K\u00f6nnen von Eltern, Kinder\u00e4rzten, Kliniken, ambulanten Pflegediensten, der sozialmedizinischen Nachsorge, ambulanten Kinder- und Jugendhospizdiensten ect. an uns herangetragen werden.<\/p>\n","protected":false},"author":2,"featured_media":0,"parent":0,"menu_order":30,"comment_status":"closed","ping_status":"closed","template":"","meta":{"footnotes":""},"class_list":["post-40","page","type-page","status-publish","hentry"],"_links":{"self":[{"href":"https:\/\/mainzer-hospiz.de\/kinderpalliativteam-mainz\/wp-json\/wp\/v2\/pages\/40","targetHints":{"allow":["GET"]}}],"collection":[{"href":"https:\/\/mainzer-hospiz.de\/kinderpalliativteam-mainz\/wp-json\/wp\/v2\/pages"}],"about":[{"href":"https:\/\/mainzer-hospiz.de\/kinderpalliativteam-mainz\/wp-json\/wp\/v2\/types\/page"}],"author":[{"embeddable":true,"href":"https:\/\/mainzer-hospiz.de\/kinderpalliativteam-mainz\/wp-json\/wp\/v2\/users\/2"}],"replies":[{"embeddable":true,"href":"https:\/\/mainzer-hospiz.de\/kinderpalliativteam-mainz\/wp-json\/wp\/v2\/comments?post=40"}],"version-history":[{"count":0,"href":"https:\/\/mainzer-hospiz.de\/kinderpalliativteam-mainz\/wp-json\/wp\/v2\/pages\/40\/revisions"}],"wp:attachment":[{"href":"https:\/\/mainzer-hospiz.de\/kinderpalliativteam-mainz\/wp-json\/wp\/v2\/media?parent=40"}],"curies":[{"name":"wp","href":"https:\/\/api.w.org\/{rel}","templated":true}]}}