{"id":38,"date":"2021-02-22T11:38:59","date_gmt":"2021-02-22T10:38:59","guid":{"rendered":"http:\/\/mainzer-hospiz.de\/kinderpalliativteam-mainz\/?page_id=38"},"modified":"2023-03-02T11:09:45","modified_gmt":"2023-03-02T10:09:45","slug":"erkrankungen-mit-versorgungsanspruch","status":"publish","type":"page","link":"https:\/\/mainzer-hospiz.de\/kinderpalliativteam-mainz\/erkrankungen-mit-versorgungsanspruch\/","title":{"rendered":"Erkrankungen mit Versorgungsanspruch"},"content":{"rendered":"<h1>Erkrankungen mit Versorgungsanspruch<\/h1>\n<p>2006 trafen sich eine Gruppe von \u00c4rzten aus Europa, Kanada und den USA zur Ausarbeitung einer Definition p\u00e4diatrischer Palliativversorgung. Hierbei wurden Standards f\u00fcr die p\u00e4diatrische Palliativversorgung erarbeitet und festgelegt, deren G\u00fcltigkeit sich auf ganz Europa bezieht. Kinder und Jugendliche, die einer palliativmedizinischen Versorgung bed\u00fcrfen, lassen sich auf Grundlage der ACT in vier Gruppen einteilen:<\/p>\n<p>Die Erkrankungsgruppen gem\u00e4\u00df der ACT:<\/p>\n<ol>\n<li data-canvas-width=\"551.3599999999998\">Lebensbedrohliche Erkrankungen, f\u00fcr die eine kurative Therapie verf\u00fcgbar ist, welche jedoch auch versagen kann. Die Palliativversorgung kann parallel zu einer kurativ ausgerichteten Therapie und\/oder bei Therapieversagen erforderlich sein (z.B. onkologische und kardiale Erkrankungen).<\/li>\n<li data-canvas-width=\"551.3599999999998\">Erkrankungen, bei denen ein fr\u00fchzeitiger Tod unvermeidlich ist. Lange Phasen intensiver Therapien haben eine Lebensverl\u00e4ngerung und eine Teilnahme an normalen Aktivit\u00e4ten des t\u00e4glichen Lebens zum Ziel (z.B. Mukoviszidose, Epidermolysis bullosa).<\/li>\n<li data-canvas-width=\"551.3599999999998\">Progrediente Erkrankungen ohne die M\u00f6glichkeit einer kurativen Therapie. Die Therapie erfolgt ausschlie\u00dflich palliativ. Sie erstreckt sich h\u00e4ufig \u00fcber viele Jahre (z.B. MPS, Muskeldystrophie).<\/li>\n<li data-canvas-width=\"551.3599999999998\">Irreversible, jedoch nicht progrediente Erkrankungen, die regelhaft Komplikationen zeigen und wahrscheinlich zum vorzeitigen Tod f\u00fchren. Diese Erkrankungen stellen komplexe Anforderungen an die medizinische Versorgung (z.B. schwere Zerebralparesen, peripartale Asphyxie, hypoxische Hirnsch\u00e4digung oder andere Hirn- oder R\u00fcckenmarkerkrankungen).<\/li>\n<\/ol>\n<p><a class=\"button\" href=\"https:\/\/mainzer-hospiz.de\/kinderpalliativteam-mainz\/anfragen-antragsstellung\/\">Weitere Informationen zur Antragstellung<\/a><\/p>\n<div data-boxcolor=\"pink\" class=\"content-box\">\n<h3>Wir sind f\u00fcr Sie da<\/h3>\n<p>F\u00fcr Ihre Anliegen, Anfragen und Informationen erreichen Sie unser B\u00fcro t\u00e4glich von 08:00 bis 17:00 Uhr<\/p>\n<p><a class=\"button-primary\" href=\"https:\/\/mainzer-hospiz.de\/kinderpalliativteam-mainz\/kontakt\/\" target=\"_blank\" rel=\"noopener\">Kontakt<\/a><\/p>\n<\/div>\n","protected":false},"excerpt":{"rendered":"<p>Die Association for Children with Lifethreatening or Terminal Conditions and their Families (ACT) verabschiedete 1997 erstmals eine Leitlinie zur Versorgung von Kindern mit lebensbedrohlichen oder lebenslimitierenden Erkrankungen.<\/p>\n","protected":false},"author":2,"featured_media":0,"parent":0,"menu_order":20,"comment_status":"closed","ping_status":"closed","template":"","meta":{"footnotes":""},"class_list":["post-38","page","type-page","status-publish","hentry"],"_links":{"self":[{"href":"https:\/\/mainzer-hospiz.de\/kinderpalliativteam-mainz\/wp-json\/wp\/v2\/pages\/38","targetHints":{"allow":["GET"]}}],"collection":[{"href":"https:\/\/mainzer-hospiz.de\/kinderpalliativteam-mainz\/wp-json\/wp\/v2\/pages"}],"about":[{"href":"https:\/\/mainzer-hospiz.de\/kinderpalliativteam-mainz\/wp-json\/wp\/v2\/types\/page"}],"author":[{"embeddable":true,"href":"https:\/\/mainzer-hospiz.de\/kinderpalliativteam-mainz\/wp-json\/wp\/v2\/users\/2"}],"replies":[{"embeddable":true,"href":"https:\/\/mainzer-hospiz.de\/kinderpalliativteam-mainz\/wp-json\/wp\/v2\/comments?post=38"}],"version-history":[{"count":0,"href":"https:\/\/mainzer-hospiz.de\/kinderpalliativteam-mainz\/wp-json\/wp\/v2\/pages\/38\/revisions"}],"wp:attachment":[{"href":"https:\/\/mainzer-hospiz.de\/kinderpalliativteam-mainz\/wp-json\/wp\/v2\/media?parent=38"}],"curies":[{"name":"wp","href":"https:\/\/api.w.org\/{rel}","templated":true}]}}