{"id":2,"date":"2021-02-22T11:20:48","date_gmt":"2021-02-22T10:20:48","guid":{"rendered":"https:\/\/mainzer-hospiz.de\/kinderpalliativteam-mainz\/?page_id=2"},"modified":"2026-01-30T20:16:29","modified_gmt":"2026-01-30T19:16:29","slug":"startseite","status":"publish","type":"page","link":"https:\/\/mainzer-hospiz.de\/kinderpalliativteam-mainz\/","title":{"rendered":"Startseite"},"content":{"rendered":"<section class=\"content-section tbe-custom-background-color tbe-custom-background-color-weiss\" style=\"--tbe-background-color: rgb(255, 255, 255);\">\n<div class=\"grid\">\n<div class=\"row\">\n<div class=\"col desktop-8 tablet-7 phablet-12 phone-12 tbe-module-text-column tbe-module-marginal-column-right\">\n<h2><span style=\"color: #ce95c2\">Ki<\/span>nder <span style=\"color: #6d7fb6\">Pa<\/span>lliative <span style=\"color: #e65e9d\">C<\/span>are <span style=\"color: #1e4098\">T<\/span>eam <span style=\"color: #a5037c\">M<\/span>ainz<\/h2>\n<p>Durch die Verankerung der SAPV 2007 im Sozialgesetzbuch wurde f\u00fcr Kinder und Jugendliche mit einer nicht heilbaren, fortschreitenden oder weit fortgeschrittenen Erkrankung bei zugleich begrenzter Lebenserwartung und ihren Familien die M\u00f6glichkeit geschaffen, ein selbstbestimmtes Leben im eigenen Zuhause zu gestalten. Die palliative Versorgung hat das Ziel, durch fachspezifisch pflegerische, \u00e4rztliche und psychosoziale Ma\u00dfnahmen leidvolle Symptome fr\u00fchzeitig zu erkennen und zu lindern und die Familien auf diesem Weg zu begleiten.<\/p>\n<p>Um diese Ziele zu erreichen, arbeiten wir Hand in Hand mit den betreuenden Prim\u00e4rversorgern und erstellen oder erweitern das Netzwerk zur optimalen Versorgung im eigenen Zuhause. Durch regelm\u00e4\u00dfige Hausbesuche werden klinische Entwicklungen fr\u00fchzeitig erkannt, leidvolle Symptome gelindert und die Lebensqualit\u00e4t der Patienten und ihren Familien verbessert. Die Erstellung eines individuellen Notfallkonzeptes und eines gemeinsamen Therapiezieles sind zentrale Punkte unserer Arbeit. Die gezielte Beratung und Anleitung von Familien schafft Sicherheit f\u00fcr ein selbstbestimmtes Leben. Wir begleiten Familien insbesondere in Krisensituationen sowie in der letzten Lebensphase und versuchen damit Krankenhausaufenthalte zu vermeiden. Wir sind f\u00fcr Familien 24 Stunden erreichbar und schaffen somit Entlastung in Zeiten gro\u00dfer Belastung.<\/p>\n<ul class=\"attachment-list\">\n<li><a href=\"https:\/\/mainzer-hospiz.de\/kinderpalliativteam-mainz\/2021\/10\/08\/pressemitteilung-das-kinderpalliativteam-mainz-hat-seine-arbeit-aufgenommen\/\"><span class=\"has-icon\" data-icon=\"newspaper\"><strong>Pressemitteilung:<\/strong> Das Kinderpalliativteam Mainz hat seine Arbeit aufgenommen<\/span><\/a><\/li>\n<\/ul>\n<\/div>\n<div class=\"col desktop-4 tablet-5 phablet-12 phone-12 tbe-module-column\">\n<div data-boxcolor=\"white\" class=\"content-box\">\n<h6>Unser Einzugsgebiet<\/h6>\n<p><a href=\"https:\/\/mainzer-hospiz.de\/kinderpalliativteam-mainz\/wp-content\/uploads\/sites\/3\/2023\/02\/2023-02-09_einzugsgebiet-kinderpalliativteam-mainz.jpg\"><img loading=\"lazy\" decoding=\"async\" class=\"alignnone wp-image-387 size-full\" src=\"https:\/\/mainzer-hospiz.de\/kinderpalliativteam-mainz\/wp-content\/uploads\/sites\/3\/2023\/02\/2023-02-09_einzugsgebiet-kinderpalliativteam-mainz.jpg\" alt=\"\" width=\"900\" height=\"1250\"><\/a><\/p>\n<p class=\"caption\">Das Einzugsgebiet des Kinderpalliativteam Mainz. <strong>Zum vergr\u00f6\u00dfern anklicken.<\/strong><\/p>\n<\/div>\n<\/div>\n<\/div>\n<\/div>\n<div class=\"grid tbe-custom-background-color tbe-custom-background-color-grau\" style=\"--tbe-background-color: rgb(244, 245, 247);\">\n<div class=\"row center middle\">\n<div class=\"col tbe-module-column desktop-8 tablet-8 phablet-12 phone-12\">\n<p class=\"lead-paragraph\"><span class=\"has-icon\" data-icon=\"heart-outlined\">Wir ergreifen Partei f\u00fcr Kinder und engagieren uns daher seit 2019 im <a href=\"https:\/\/www.mainz.de\/leben-und-arbeit\/buerger-aktiv\/Mainzer-Buendnis-fuer-Kinderrechte.php\" target=\"_blank\" rel=\"noopener\"><strong><span class=\"dont-break-word\">Mainzer Aktionsb\u00fcndnis<\/span> f\u00fcr Kinderrechte<\/strong><\/a><\/span><\/p>\n<\/div>\n<div class=\"col desktop-4 tablet-4 phablet-10 phone-12 tbe-module-column\">\n<p><img loading=\"lazy\" decoding=\"async\" class=\"alignnone wp-image-577 size-large\" src=\"https:\/\/mainzer-hospiz.de\/kinderhospizdienst\/wp-content\/uploads\/sites\/2\/2025\/05\/Logo-Mainzer-Buendnis-fuer-Kinderrechte-transp-1024x382.png\" alt=\"\" width=\"1024\" height=\"382\"><\/p>\n<\/div>\n<\/div>\n<\/div>\n<\/section>\n<section class=\"content-section tbe-custom-background-color tbe-custom-background-color-grau\" style=\"--tbe-background-color: rgb(244, 245, 247);\">\n<div class=\"grid tbe-module-grid tbe-custom-background-color tbe-custom-background-color-weiss\" style=\"--tbe-background-color: rgb(255, 255, 255);\">\n<div class=\"row\">\n<div class=\"col desktop-12 tablet-12 phablet-12 phone-12 tbe-module-text-column\" data-columns=\"1\">\n<h3><span class=\"has-icon\" data-icon=\"success-outlined\">Unsere Aufgaben<\/span><\/h3>\n<\/div>\n<div class=\"col desktop-6 tablet-6 phablet-12 phone-12 tbe-module-text-column tbe-module-marginal-column-right\" data-columns=\"1\">\n<ul>\n<li class=\"check\">Netzwerkaufbau und Koordination<\/li>\n<li class=\"check\">Beratung und Anleitung der Familien und Prim\u00e4rversorger<\/li>\n<li class=\"check\">Vermeidung und Verk\u00fcrzung von Krankenhausaufenthalten<\/li>\n<li class=\"check\">St\u00e4rkung der Lebensqualit\u00e4t<\/li>\n<li class=\"check\">Krisenintervention<\/li>\n<\/ul>\n<\/div>\n<div class=\"col desktop-6 tablet-6 phablet-12 phone-12 tbe-module-text-column\" data-columns=\"1\">\n<ul>\n<li class=\"check\">Symptomkontrolle<\/li>\n<li class=\"check\">Rufbereitschaft 24\/7<\/li>\n<li class=\"check\">Vermittlung von Hilfsangeboten<\/li>\n<li class=\"check\">Erarbeitung von Therapiezielen<\/li>\n<li class=\"check\">Sterbebegleitung<\/li>\n<\/ul>\n<\/div>\n<\/div>\n<\/div>\n<div class=\"grid tbe-module-grid\">\n<div class=\"row\">\n<div class=\"col phone-12 tbe-module-text-column tbe-custom-background-color tbe-custom-background-color-weiss phablet-12 tablet-6 desktop-4\" data-columns=\"1\" style=\"--tbe-background-color: rgb(255, 255, 255);\">\n<h3><span class=\"has-icon\" data-icon=\"download-4-outlined\">Zum Runterladen<\/span><\/h3>\n<ul class=\"attachment-list\">\n<li><a href=\"https:\/\/mainzer-hospiz.de\/kinderpalliativteam-mainz\/wp-content\/uploads\/sites\/3\/2023\/02\/1316_iMPaCT_Fly_2023.pdf\" target=\"_blank\" rel=\"noopener\"><span class=\"has-icon\" data-icon=\"pdf\">Flyer Kinder Palliative Care Team Mainz (PDF)<\/span><\/a><\/li>\n<li><a href=\"https:\/\/mainzer-hospiz.de\/kinderhospizdienst\/wp-content\/uploads\/sites\/2\/2026\/01\/AKHD-Mainz-Flyer.pdf\" target=\"_blank\" rel=\"noopener noreferrer\"><span class=\"has-icon\" data-icon=\"pdf\">Flyer Ambulanter Kinderhospizdienst (PDF)<\/span><\/a><\/li>\n<\/ul>\n<\/div>\n<div class=\"col phone-12 tbe-module-text-column tbe-custom-background-color tbe-custom-background-color-weiss phablet-12 tablet-6 desktop-4\" data-columns=\"1\" style=\"--tbe-background-color: rgb(255, 255, 255);\">\n<h3><span class=\"has-icon\" data-icon=\"briefcase-outlined\">Aktuelle Stellenangebote<\/span><\/h3>\n<ul class=\"attachment-list\">\n<li><a href=\"https:\/\/mainzer-hospiz.de\/stellenangebote\/kinder-und-jugendaerzte-m-w-d-fu%cc%88r-das-paediatrische-sapv-team-in-voll-oder-teilzeit-002791\/\" target=\"_blank\" rel=\"noopener\"><strong>Kinder- und Jugend\u00e4rzte (m\/w\/d)<\/strong> fu\u0308r das P\u00e4diatrische SAPV Team in Voll-oder Teilzeit<\/a><\/li>\n<li><a href=\"https:\/\/mainzer-hospiz.de\/stellenangebote\/gesundheits-und-kinderkrankenpflegekraefte-m-w-d-in-voll-oder-teilzeit-004450\/\" target=\"_blank\" rel=\"noopener\"><strong>Gesundheits- und Kinderkrankenpflegekr\u00e4fte (m\/w\/d)<\/strong> in Voll- oder Teilzeit<\/a><\/li>\n<\/ul>\n<p><a class=\"button\" href=\"https:\/\/mainzer-hospiz.de\/stellenangebote\/\" target=\"_blank\" rel=\"noopener\">alle Stellenangebote ansehen<\/a><\/p>\n<\/div>\n<div class=\"col phone-12 tbe-module-text-column tbe-custom-background-color tbe-custom-background-color-pink phablet-12 desktop-4 tablet-12\" data-columns=\"1\" style=\"--tbe-background-color: rgb(242, 182, 213);\">\n<h3><span class=\"has-icon\" data-icon=\"mail-outlined\">Kontakt<\/span><\/h3>\n<p>F\u00fcr Ihre Anliegen, Anfragen und Informationen erreichen Sie unser B\u00fcro t\u00e4glich von 08:00 bis 17:00 Uhr<\/p>\n<p><strong>Kinderpalliativteam Mainz<\/strong><\/p>\n<p><span class=\"has-icon\" data-icon=\"location-outlined\">Im Niedergarten 18,<br \/>\n55124 Mainz-Gonsenheim<\/span><br \/>\n<span class=\"has-icon\" data-icon=\"phone-outlined\">Tel: +49 (0) 6131 636 256 8<\/span><br \/>\n<span class=\"has-icon\" data-icon=\"fax-outlined\">Fax: +49 (0) 6131 636 255 3<\/span><br \/>\n<a href=\"mailto:kinderpalliativteam@mainzer-hospiz.de\"><span class=\"has-icon\" data-icon=\"mail-outlined\">kinderpalliativteam@mainzer-hospiz.de<\/span><\/a><\/p>\n<\/div>\n<\/div>\n<\/div>\n<\/section>\n<section class=\"content-section tbe-custom-background-color tbe-custom-background-color-weiss\" style=\"--tbe-background-color: rgb(255, 255, 255);\">\n<div class=\"grid\">\n<div class=\"row\">\n<div class=\"col desktop-12 tablet-12 phablet-12 phone-12 tbe-module-column\">\n<div class=\"row\">\n            <article class=\"col desktop-4 tablet-6 phablet-6 phone-12 chapter-overview-item\">\n    <div class=\"chapter-overview-item-inner\">\n\n        <div class=\"chapter-overview-item-content\">\n            <h2 class=\"h3 post-title\">\n                Unser Team            <\/h2>\n\n            <p>Um selbstbestimmt zu leben, braucht es in schwierigen Zeiten einen verl\u00e4sslichen Partner.<\/p>\n        <\/div>\n\n        <div class=\"chapter-overview-item-button\">\n            <a href=\"https:\/\/mainzer-hospiz.de\/kinderpalliativteam-mainz\/unser-team\/\" title=\"Unser Team\" class=\"button teaser-icon-button\">\n                <span class=\"button-label\">weitere Informationen<\/span>\n                <span class=\"button-icon\"><span class=\"icon\" data-icon=\"arrow-right-alternate\"><\/span><\/span>\n            <\/a>\n        <\/div>\n\n    <\/div>\n\n    <a href=\"https:\/\/mainzer-hospiz.de\/kinderpalliativteam-mainz\/unser-team\/\" title=\"Unser Team\" class=\"chapter-overview-item-link\">Unser Team<\/a>\n<\/article>            <article class=\"col desktop-4 tablet-6 phablet-6 phone-12 chapter-overview-item\">\n    <div class=\"chapter-overview-item-inner\">\n\n        <div class=\"chapter-overview-item-content\">\n            <h2 class=\"h3 post-title\">\n                Erkrankungen mit Versorgungsanspruch            <\/h2>\n\n            <p>Die Association for Children with Lifethreatening or Terminal Conditions and their Families (ACT) verabschiedete 1997 erstmals eine Leitlinie zur Versorgung von Kindern mit lebensbedrohlichen oder lebenslimitierenden Erkrankungen.<\/p>\n        <\/div>\n\n        <div class=\"chapter-overview-item-button\">\n            <a href=\"https:\/\/mainzer-hospiz.de\/kinderpalliativteam-mainz\/erkrankungen-mit-versorgungsanspruch\/\" title=\"Erkrankungen mit Versorgungsanspruch\" class=\"button teaser-icon-button\">\n                <span class=\"button-label\">weitere Informationen<\/span>\n                <span class=\"button-icon\"><span class=\"icon\" data-icon=\"arrow-right-alternate\"><\/span><\/span>\n            <\/a>\n        <\/div>\n\n    <\/div>\n\n    <a href=\"https:\/\/mainzer-hospiz.de\/kinderpalliativteam-mainz\/erkrankungen-mit-versorgungsanspruch\/\" title=\"Erkrankungen mit Versorgungsanspruch\" class=\"chapter-overview-item-link\">Erkrankungen mit Versorgungsanspruch<\/a>\n<\/article>            <article class=\"col desktop-4 tablet-6 phablet-6 phone-12 chapter-overview-item\">\n    <div class=\"chapter-overview-item-inner\">\n\n        <div class=\"chapter-overview-item-content\">\n            <h2 class=\"h3 post-title\">\n                Anfragen            <\/h2>\n\n            <p>K\u00f6nnen von Eltern, Kinder\u00e4rzten, Kliniken, ambulanten Pflegediensten, der sozialmedizinischen Nachsorge, ambulanten Kinder- und Jugendhospizdiensten ect. an uns herangetragen werden.<\/p>\n        <\/div>\n\n        <div class=\"chapter-overview-item-button\">\n            <a href=\"https:\/\/mainzer-hospiz.de\/kinderpalliativteam-mainz\/anfragen-antragsstellung\/\" title=\"Anfragen\" class=\"button teaser-icon-button\">\n                <span class=\"button-label\">weitere Informationen<\/span>\n                <span class=\"button-icon\"><span class=\"icon\" data-icon=\"arrow-right-alternate\"><\/span><\/span>\n            <\/a>\n        <\/div>\n\n    <\/div>\n\n    <a href=\"https:\/\/mainzer-hospiz.de\/kinderpalliativteam-mainz\/anfragen-antragsstellung\/\" title=\"Anfragen\" class=\"chapter-overview-item-link\">Anfragen<\/a>\n<\/article>        <\/div>\n\n<\/div>\n<\/div>\n<\/div>\n<\/section>\n","protected":false},"excerpt":{"rendered":"<p>Das Kinderpalliativteam Mainz (\u201eiMPaKT\u201c) hat es sich zur Aufgabe gemacht, schwer erkrankte Kinder und Jugendliche mit begrenzter Lebenserwartung und ihre Familien in Krisensituationen und der letzten Lebensphase in ihrem h\u00e4uslichen Umfeld zu begleiten, zu entlasten und zu unterst\u00fctzen.<\/p>\n","protected":false},"author":2,"featured_media":0,"parent":0,"menu_order":0,"comment_status":"closed","ping_status":"closed","template":"","meta":{"footnotes":""},"class_list":["post-2","page","type-page","status-publish","hentry"],"_links":{"self":[{"href":"https:\/\/mainzer-hospiz.de\/kinderpalliativteam-mainz\/wp-json\/wp\/v2\/pages\/2","targetHints":{"allow":["GET"]}}],"collection":[{"href":"https:\/\/mainzer-hospiz.de\/kinderpalliativteam-mainz\/wp-json\/wp\/v2\/pages"}],"about":[{"href":"https:\/\/mainzer-hospiz.de\/kinderpalliativteam-mainz\/wp-json\/wp\/v2\/types\/page"}],"author":[{"embeddable":true,"href":"https:\/\/mainzer-hospiz.de\/kinderpalliativteam-mainz\/wp-json\/wp\/v2\/users\/2"}],"replies":[{"embeddable":true,"href":"https:\/\/mainzer-hospiz.de\/kinderpalliativteam-mainz\/wp-json\/wp\/v2\/comments?post=2"}],"version-history":[{"count":0,"href":"https:\/\/mainzer-hospiz.de\/kinderpalliativteam-mainz\/wp-json\/wp\/v2\/pages\/2\/revisions"}],"wp:attachment":[{"href":"https:\/\/mainzer-hospiz.de\/kinderpalliativteam-mainz\/wp-json\/wp\/v2\/media?parent=2"}],"curies":[{"name":"wp","href":"https:\/\/api.w.org\/{rel}","templated":true}]}}