{"id":598,"date":"2025-10-10T15:35:05","date_gmt":"2025-10-10T13:35:05","guid":{"rendered":"https:\/\/mainzer-hospiz.de\/kinderhospizdienst\/?page_id=598"},"modified":"2026-02-04T10:09:04","modified_gmt":"2026-02-04T09:09:04","slug":"bildung-vortraege","status":"publish","type":"page","link":"https:\/\/mainzer-hospiz.de\/kinderhospizdienst\/bildung-vortraege\/","title":{"rendered":"Bildung &amp; Vortr\u00e4ge"},"content":{"rendered":"<h1>Wir sind f\u00fcr Sie da, wenn Sie sich in Ihrer Einrichtung mit den Themen Sterben, Tod und Trauer pr\u00e4ventiv auseinandersetzen m\u00f6chten.<\/h1>\n<ul class=\"attachment-list\">\n<li><strong>Projekt Endlich<br \/>\n<\/strong>Umgang mit Sterben, Tod und Trauer f\u00fcr Jahrgangsstufen 9\u201313<br \/>\n<a href=\"https:\/\/mainzer-hospiz.de\/kinderhospizdienst\/wp-content\/uploads\/sites\/2\/2026\/02\/Projekt-Endlich_Ambulater-Kinderhospizdienst-Mainz.pdf\" target=\"_blank\" rel=\"noopener\"><span class=\"has-icon\" data-icon=\"pdf\">Flyer Herunterladen<\/span><\/a><\/li>\n<li><strong>Letzte Hilfe Kids &amp; Teens<\/strong><br \/>\nAb 8 Jahren<br \/>\n<a href=\"https:\/\/mainzer-hospiz.de\/kinderhospizdienst\/wp-content\/uploads\/sites\/2\/2026\/02\/LH_Flyer_Kids_Ambulanter-Kinderhospizdienst.pdf\" target=\"_blank\" rel=\"noopener\"><span class=\"has-icon\" data-icon=\"pdf\">Flyer Herunterladen<\/span><\/a><\/li>\n<li><strong>Vortr\u00e4ge zu Sterben, Tod und Trauer<\/strong><br \/>\nZugeschnitten auf Ihre Fragestellung und Themenw\u00fcnsche<\/li>\n<li><strong>Infost\u00e4nde bei Veranstaltungen<\/strong><\/li>\n<\/ul>\n<p><a class=\"button-primary button-fullsize\" href=\"https:\/\/mainzer-hospiz.de\/kinderhospizdienst\/kontakt\/\">Kontakt<\/a><\/p>\n","protected":false},"excerpt":{"rendered":"<p>Wir sind f\u00fcr Sie da, wenn Sie sich in Ihrer Einrichtung mit den Themen Sterben, Tod und Trauer pr\u00e4ventiv auseinandersetzen m\u00f6chten. Projekt Endlich Umgang mit Sterben, Tod und Trauer f\u00fcr Jahrgangsstufen 9\u201313 Flyer Herunterladen Letzte Hilfe Kids &amp; Teens Ab 8 Jahren Flyer Herunterladen Vortr\u00e4ge zu Sterben, Tod und Trauer Zugeschnitten auf Ihre Fragestellung und Themenw\u00fcnsche Infost\u00e4nde bei Veranstaltungen Kontakt<\/p>\n","protected":false},"author":2,"featured_media":0,"parent":0,"menu_order":30,"comment_status":"closed","ping_status":"closed","template":"","meta":{"footnotes":""},"class_list":["post-598","page","type-page","status-publish","hentry"],"_links":{"self":[{"href":"https:\/\/mainzer-hospiz.de\/kinderhospizdienst\/wp-json\/wp\/v2\/pages\/598","targetHints":{"allow":["GET"]}}],"collection":[{"href":"https:\/\/mainzer-hospiz.de\/kinderhospizdienst\/wp-json\/wp\/v2\/pages"}],"about":[{"href":"https:\/\/mainzer-hospiz.de\/kinderhospizdienst\/wp-json\/wp\/v2\/types\/page"}],"author":[{"embeddable":true,"href":"https:\/\/mainzer-hospiz.de\/kinderhospizdienst\/wp-json\/wp\/v2\/users\/2"}],"replies":[{"embeddable":true,"href":"https:\/\/mainzer-hospiz.de\/kinderhospizdienst\/wp-json\/wp\/v2\/comments?post=598"}],"version-history":[{"count":0,"href":"https:\/\/mainzer-hospiz.de\/kinderhospizdienst\/wp-json\/wp\/v2\/pages\/598\/revisions"}],"wp:attachment":[{"href":"https:\/\/mainzer-hospiz.de\/kinderhospizdienst\/wp-json\/wp\/v2\/media?parent=598"}],"curies":[{"name":"wp","href":"https:\/\/api.w.org\/{rel}","templated":true}]}}