{"id":20,"date":"2019-05-16T15:54:24","date_gmt":"2019-05-16T13:54:24","guid":{"rendered":"https:\/\/mainzer-hospiz.de\/ambulanter-kinder-und-jugendhospizdienst\/?page_id=20"},"modified":"2026-02-04T10:11:41","modified_gmt":"2026-02-04T09:11:41","slug":"familien","status":"publish","type":"page","link":"https:\/\/mainzer-hospiz.de\/kinderhospizdienst\/familien\/","title":{"rendered":"Familien"},"content":{"rendered":"<h1>Wir sind f\u00fcr Sie da, wenn Ihr Kind lebensverk\u00fcrzend erkrankt ist.<\/h1>\n<ul>\n<li class=\"check\">Unterst\u00fctzung ab Diagnosestellung, dort wo Sie sind<\/li>\n<li class=\"check\">Kostenfrei und religionsunabh\u00e4ngig<\/li>\n<li class=\"check\">Vertrauliche und unverbindliche Beratung<\/li>\n<li class=\"check\">Vernetzung zu weiteren Hilfsangeboten, Unterst\u00fctzung bei sozialrechtlichen Fragestellungen und Antr\u00e4gen<\/li>\n<li class=\"check\">Entlastung durch Gespr\u00e4che<\/li>\n<li class=\"check\">Ehrenamtliche Unterst\u00fctzung<\/li>\n<li class=\"check\">Angebote f\u00fcr Geschwisterkinder<\/li>\n<li class=\"check\">Begleitung ganz individuell, so wie Sie es w\u00fcnschen und solange Sie es brauchen<\/li>\n<\/ul>\n<div data-boxcolor=\"white\" class=\"content-box\">\n<h6>Zum Download<\/h6>\n<ul class=\"attachment-list\">\n<li><a href=\"https:\/\/mainzer-hospiz.de\/kinderhospizdienst\/wp-content\/uploads\/sites\/2\/2026\/01\/AKHD-Mainz-Flyer.pdf\" target=\"_blank\" rel=\"noopener noreferrer\"><span class=\"has-icon\" data-icon=\"pdf\">Flyer Kinderhospizdienst<\/span><\/a><\/li>\n<li><a href=\"https:\/\/mainzer-hospiz.de\/kinderhospizdienst\/wp-content\/uploads\/sites\/2\/2026\/01\/Kinderhospizdienst_tuerkisch.pdf\" target=\"_blank\" rel=\"noopener noreferrer\"><span class=\"has-icon\" data-icon=\"pdf\">Informationen auf T\u00fcrkisch<\/span><\/a><br \/>\n<span style=\"color: #5f6f87\">T\u00fcrk\u00e7e Bilgi<\/span><\/li>\n<li><a href=\"https:\/\/mainzer-hospiz.de\/kinderhospizdienst\/wp-content\/uploads\/sites\/2\/2019\/05\/Kinderhospizdienst-hilft-Informationen-auf-Arabisch.pdf\" target=\"_blank\" rel=\"noopener noreferrer\"><span class=\"has-icon\" data-icon=\"pdf\">Informationen auf Arabisch<\/span><\/a><br \/>\n<span style=\"color: #5f6f87\">\u0627\u0644\u0645\u0639\u0644\u0648\u0645\u0627\u062a \u0628\u0627\u0644\u0644\u063a\u0629 \u0627\u0644\u0639\u0631\u0628\u064a\u0629<\/span><\/li>\n<li><a href=\"https:\/\/mainzer-hospiz.de\/kinderhospizdienst\/wp-content\/uploads\/sites\/2\/2026\/01\/Kinderhospizdienst_russisch_\u0421\u043b\u0443\u0436\u0431\u0430-\u0434\u0435\u0442\u0441\u043a\u043e\u0433\u043e.pdf\" target=\"_blank\" rel=\"noopener noreferrer\"><span class=\"has-icon\" data-icon=\"pdf\">Informationen auf Russisch<\/span><\/a><br \/>\n<span style=\"color: #5f6f87\"><em>\u0418\u043d\u0444\u043e\u0440\u043c\u0430\u0446\u0438\u044f \u043d\u0430 \u0440\u0443\u0441\u0441\u043a\u043e\u043c \u044f\u0437\u044b\u043a\u0435<\/em><\/span><\/li>\n<\/ul>\n<\/div>\n","protected":false},"excerpt":{"rendered":"<p>Wir sind f\u00fcr Sie da, wenn Ihr Kind lebensverk\u00fcrzend erkrankt ist. Unterst\u00fctzung ab Diagnosestellung, dort wo Sie sind Kostenfrei und religionsunabh\u00e4ngig Vertrauliche und unverbindliche Beratung Vernetzung zu weiteren Hilfsangeboten, Unterst\u00fctzung bei sozialrechtlichen Fragestellungen und Antr\u00e4gen Entlastung durch Gespr\u00e4che Ehrenamtliche Unterst\u00fctzung Angebote f\u00fcr Geschwisterkinder Begleitung ganz individuell, so wie Sie es w\u00fcnschen und solange Sie es brauchen Zum Download Flyer Kinderhospizdienst Informationen auf T\u00fcrkisch T\u00fcrk\u00e7e Bilgi Informationen auf Arabisch \u0627\u0644\u0645\u0639\u0644\u0648\u0645\u0627\u062a \u0628\u0627\u0644\u0644\u063a\u0629 \u0627\u0644\u0639\u0631\u0628\u064a\u0629 Informationen auf Russisch \u0418\u043d\u0444\u043e\u0440\u043c\u0430\u0446\u0438\u044f \u043d\u0430 \u0440\u0443\u0441\u0441\u043a\u043e\u043c \u044f\u0437\u044b\u043a\u0435<\/p>\n","protected":false},"author":2,"featured_media":0,"parent":0,"menu_order":10,"comment_status":"closed","ping_status":"closed","template":"","meta":{"footnotes":""},"class_list":["post-20","page","type-page","status-publish","hentry"],"_links":{"self":[{"href":"https:\/\/mainzer-hospiz.de\/kinderhospizdienst\/wp-json\/wp\/v2\/pages\/20","targetHints":{"allow":["GET"]}}],"collection":[{"href":"https:\/\/mainzer-hospiz.de\/kinderhospizdienst\/wp-json\/wp\/v2\/pages"}],"about":[{"href":"https:\/\/mainzer-hospiz.de\/kinderhospizdienst\/wp-json\/wp\/v2\/types\/page"}],"author":[{"embeddable":true,"href":"https:\/\/mainzer-hospiz.de\/kinderhospizdienst\/wp-json\/wp\/v2\/users\/2"}],"replies":[{"embeddable":true,"href":"https:\/\/mainzer-hospiz.de\/kinderhospizdienst\/wp-json\/wp\/v2\/comments?post=20"}],"version-history":[{"count":0,"href":"https:\/\/mainzer-hospiz.de\/kinderhospizdienst\/wp-json\/wp\/v2\/pages\/20\/revisions"}],"wp:attachment":[{"href":"https:\/\/mainzer-hospiz.de\/kinderhospizdienst\/wp-json\/wp\/v2\/media?parent=20"}],"curies":[{"name":"wp","href":"https:\/\/api.w.org\/{rel}","templated":true}]}}