{"id":14,"date":"2019-05-16T15:53:09","date_gmt":"2019-05-16T13:53:09","guid":{"rendered":"https:\/\/mainzer-hospiz.de\/ambulanter-kinder-und-jugendhospizdienst\/?page_id=14"},"modified":"2026-02-04T10:28:17","modified_gmt":"2026-02-04T09:28:17","slug":"ehrenamt","status":"publish","type":"page","link":"https:\/\/mainzer-hospiz.de\/kinderhospizdienst\/ehrenamt\/","title":{"rendered":"Ehrenamt"},"content":{"rendered":"<h1>Unterst\u00fctzen Sie uns, in dem Sie\u2026<\/h1>\n<ul>\n<li class=\"check\">\u2026 einmal in der Woche f\u00fcr 3-4 Stunden eine Familie mit einem lebensverk\u00fcrzt erkrankten Kind besuchen<\/li>\n<li class=\"check\">\u2026 mit dem erkrankten Kind oder Geschwisterkind spielen, spazieren gehen, Ausfl\u00fcge unternehmen oder auch einfach nur da sind und vorlesen oder zuh\u00f6ren<\/li>\n<li class=\"check\">\u2026 f\u00fcr die Eltern als Gespr\u00e4chsperson zu Verf\u00fcgung stehen<\/li>\n<li class=\"check\">\u2026 Ihre Zeit schenken und dort unterst\u00fctzen, wo die Hilfe in der Familie gerade ben\u00f6tigt wird (keine Haushaltst\u00e4tigkeiten oder Pflege!)<\/li>\n<\/ul>\n<h2>Daf\u00fcr brauchen Sie\u2026<\/h2>\n<ul>\n<li class=\"check\">\u2026die n\u00f6tige Zeit<\/li>\n<li class=\"check\">\u2026Spa\u00df am Umgang mit Kindern mit oder ohne Einschr\u00e4nkungen<\/li>\n<li class=\"check\">\u2026 ein erweitertes F\u00fchrungszeugnis<\/li>\n<li class=\"check\">\u2026einen ausreichenden Masernschutz<\/li>\n<li class=\"check\">\u2026 die Qualifizierung zur ehrenamtlichen Kinderhospizbegleitung<\/li>\n<\/ul>\n<div data-boxcolor=\"petrol\" class=\"content-box\">\n<h3>Qualifizierungskurs<br \/>\n<span class=\"subline\">Qualifizierung zur ehrenamtlichen Kinderhospizbegleitung<\/span><\/h3>\n<ul>\n<li class=\"check\"><strong>16 Kursabende<\/strong> und <strong>3 Ganztagesseminare<\/strong> zu den Themen Kommunikation mit Eltern\/eingeschr\u00e4nkten Kindern, Trauer, Spiritualit\u00e4t, Erste Hilfe bei Kindernotf\u00e4llen, Resilienzf\u00f6rderung bei Kindern\/Jugendlichen und eigener Haltung<\/li>\n<li class=\"check\"><strong>Kostenfrei<\/strong><\/li>\n<\/ul>\n<p>Bei Interesse am Qualifizierungskurs melden Sie sich bitte unverbindlich <a href=\"https:\/\/mainzer-hospiz.de\/anmeldung\/#\/bookcart?ftimespans=1137\" target=\"_blank\" rel=\"noopener\">hier<\/a> an.<\/p>\n<p>Bei vorherigen oder weiteren Fragen kontaktieren Sie uns gerne per Telefon oder E-Mail.<\/p>\n<p><a class=\"button\" href=\"https:\/\/mainzer-hospiz.de\/kinderhospizdienst\/kontakt\/\">Kontakt<\/a><\/p>\n<\/div>\n","protected":false},"excerpt":{"rendered":"<p>Haben Sie Interesse an der ehrenamtlichen Mitarbeit im Ambulanten Kinder- und Jugendhospizdienst Mobile? Wir bereiten Sie gezielt auf die ambulante Begleitung im Kinder- und Jugendhospizdienst vor.<\/p>\n","protected":false},"author":2,"featured_media":0,"parent":0,"menu_order":20,"comment_status":"closed","ping_status":"closed","template":"","meta":{"footnotes":""},"class_list":["post-14","page","type-page","status-publish","hentry"],"_links":{"self":[{"href":"https:\/\/mainzer-hospiz.de\/kinderhospizdienst\/wp-json\/wp\/v2\/pages\/14","targetHints":{"allow":["GET"]}}],"collection":[{"href":"https:\/\/mainzer-hospiz.de\/kinderhospizdienst\/wp-json\/wp\/v2\/pages"}],"about":[{"href":"https:\/\/mainzer-hospiz.de\/kinderhospizdienst\/wp-json\/wp\/v2\/types\/page"}],"author":[{"embeddable":true,"href":"https:\/\/mainzer-hospiz.de\/kinderhospizdienst\/wp-json\/wp\/v2\/users\/2"}],"replies":[{"embeddable":true,"href":"https:\/\/mainzer-hospiz.de\/kinderhospizdienst\/wp-json\/wp\/v2\/comments?post=14"}],"version-history":[{"count":0,"href":"https:\/\/mainzer-hospiz.de\/kinderhospizdienst\/wp-json\/wp\/v2\/pages\/14\/revisions"}],"wp:attachment":[{"href":"https:\/\/mainzer-hospiz.de\/kinderhospizdienst\/wp-json\/wp\/v2\/media?parent=14"}],"curies":[{"name":"wp","href":"https:\/\/api.w.org\/{rel}","templated":true}]}}