{"id":12,"date":"2019-05-16T15:52:39","date_gmt":"2019-05-16T13:52:39","guid":{"rendered":"https:\/\/mainzer-hospiz.de\/ambulanter-kinder-und-jugendhospizdienst\/?page_id=12"},"modified":"2026-02-04T10:58:39","modified_gmt":"2026-02-04T09:58:39","slug":"startseite","status":"publish","type":"page","link":"https:\/\/mainzer-hospiz.de\/kinderhospizdienst\/","title":{"rendered":"Startseite"},"content":{"rendered":"<section class=\"content-section tbe-custom-background-color\">\n<div class=\"grid\">\n<div class=\"row\">\n<div class=\"col desktop-8 tablet-7 phablet-12 phone-12 tbe-module-text-column tbe-module-marginal-column-right\">\n<h2>Wir sind f\u00fcr Sie da, wenn\u2026<\/h2>\n<ul>\n<li>\u2026 Ihr Kind lebensverk\u00fcrzend erkrankt ist.<\/li>\n<li>\u2026 Sie in Ihrer Familie von einem lieben Menschen Abschied nehmen m\u00fcssen oder mussten und ein oder mehrere minderj\u00e4hrige Kinder in Ihrem Haushalt leben.<\/li>\n<li>\u2026 Ihre Einrichtung, die sich um Kinder oder Jugendliche k\u00fcmmert, von Sterben und Tod betroffen ist.<\/li>\n<li>\u2026 Sie sich in Ihrer Einrichtung (Kita, Schule, Verein u.a.) mit den Themen Sterben, Tod und Trauer pr\u00e4ventiv auseinandersetzen m\u00f6chten.<\/li>\n<\/ul>\n<div data-boxcolor=\"petrol\" class=\"content-box\">\n<p class=\"lead-paragraph\">Melden Sie sich gerne bei uns \u2013 telefonisch oder per E-Mail.<\/p>\n<p><img loading=\"lazy\" decoding=\"async\" class=\"alignnone wp-image-624 size-large\" src=\"https:\/\/mainzer-hospiz.de\/kinderhospizdienst\/wp-content\/uploads\/sites\/2\/2025\/12\/431167513_390695006926949_9137313025021135438_n-1024x562.jpg\" alt=\"\" width=\"1024\" height=\"562\"><\/p>\n<p><a class=\"button-primary\" href=\"https:\/\/mainzer-hospiz.de\/kinderhospizdienst\/kontakt\/\">Kontakt &amp; Anfahrt<\/a><\/p>\n<\/div>\n<\/div>\n<div class=\"col desktop-4 tablet-5 phablet-12 phone-12 tbe-module-column\">\n<div data-boxcolor=\"white\" class=\"content-box\">\n<h6>Unser Einzugsgebiet<\/h6>\n<p><a href=\"https:\/\/mainzer-hospiz.de\/kinderhospizdienst\/wp-content\/uploads\/sites\/2\/2026\/01\/2026-01-29_kinderhospizdienst-mainz-einzugsgebiet.jpg\"><img loading=\"lazy\" decoding=\"async\" class=\"alignnone wp-image-641 size-large\" src=\"https:\/\/mainzer-hospiz.de\/kinderhospizdienst\/wp-content\/uploads\/sites\/2\/2026\/01\/2026-01-29_kinderhospizdienst-mainz-einzugsgebiet-1024x703.jpg\" alt=\"Das Einzugsgebiet des Ambulanten Kinder- und Jugendhospizdienstes erstreckt sich neben der Stadt Mainz auf Rheinhessen und Teile des Vorderhunsr\u00fccks.\" width=\"1024\" height=\"703\"><\/a><\/p>\n<p>Das Einzugsgebiet des ambulanten Kinderhospizdienstes erstreckt sich neben der Stadt Mainz auf Rheinhessen und Teile des Vorderhunsr\u00fccks.<\/p>\n<\/div>\n<div data-boxcolor=\"white\" class=\"content-box\">\n<p><img loading=\"lazy\" decoding=\"async\" class=\"alignnone size-large wp-image-577\" src=\"https:\/\/mainzer-hospiz.de\/kinderhospizdienst\/wp-content\/uploads\/sites\/2\/2025\/05\/Logo-Mainzer-Buendnis-fuer-Kinderrechte-transp-1024x382.png\" alt=\"\" width=\"1024\" height=\"382\"><br \/>\nWir ergreifen Partei f\u00fcr Kinder und engagieren uns daher seit 2019 im <a href=\"https:\/\/www.mainz.de\/leben-und-arbeit\/buerger-aktiv\/Mainzer-Buendnis-fuer-Kinderrechte.php\" target=\"_blank\" rel=\"noopener\"><strong><span class=\"dont-break-word\">Mainzer Aktionsb\u00fcndnis<\/span> f\u00fcr Kinderrechte<\/strong><\/a><\/p>\n<\/div>\n<\/div>\n<\/div>\n<\/div>\n<\/section>\n<section class=\"content-section tbe-custom-background-color tbe-custom-background-color-grau\" style=\"--tbe-background-color: rgb(244, 245, 247);\">\n<div class=\"grid\">\n<div class=\"row center\">\n<div class=\"col desktop-4 tablet-4 phablet-6 phone-6 tbe-module-column tbe-custom-background-color tbe-custom-background-color-weiss\" style=\"--tbe-background-color: rgb(255, 255, 255);\">\n<p><a href=\"https:\/\/www.deutscher-kinderhospizverein.de\/\" target=\"_blank\" rel=\"noopener\"><img loading=\"lazy\" decoding=\"async\" class=\"alignnone wp-image-396 size-full\" src=\"https:\/\/mainzer-hospiz.de\/kinderhospizdienst\/wp-content\/uploads\/sites\/2\/2022\/08\/2022-08-15-deutscher-kinderhospizverein-ev.jpg\" alt=\"\" width=\"1000\" height=\"656\"><\/a><\/p>\n<\/div>\n<div class=\"col desktop-4 tablet-4 phablet-6 phone-6 tbe-module-column tbe-custom-background-color tbe-custom-background-color-weiss\" style=\"--tbe-background-color: rgb(255, 255, 255);\">\n<p><a href=\"http:\/\/www.bundesverband-kinderhospiz.de\/\"><img loading=\"lazy\" decoding=\"async\" class=\"alignnone wp-image-1163 size-full\" src=\"https:\/\/mainzer-hospiz.de\/ambulanter-kinder-und-jugendhospizdienst\/wp-content\/uploads\/sites\/2\/2019\/05\/logo-bundesverband-kinderhospiz-ev.jpg\" alt=\"\" width=\"1000\" height=\"656\"><\/a><\/p>\n<\/div>\n<div class=\"col desktop-4 tablet-4 phablet-10 phone-12 tbe-module-column tbe-custom-background-color tbe-custom-background-color-weiss\" style=\"--tbe-background-color: rgb(255, 255, 255);\">\n<p><a href=\"https:\/\/www.frag-oskar.de\/\" target=\"_blank\" rel=\"noopener\"><img loading=\"lazy\" decoding=\"async\" class=\"alignnone wp-image-1162 size-full\" src=\"https:\/\/mainzer-hospiz.de\/ambulanter-kinder-und-jugendhospizdienst\/wp-content\/uploads\/sites\/2\/2019\/05\/oskar-logo-2000.jpg\" alt=\"\" width=\"1000\" height=\"656\"><\/a><\/p>\n<\/div>\n<\/div>\n<\/div>\n<\/section>\n","protected":false},"excerpt":{"rendered":"<p>Der ambulante Kinderhospizdienst der Mainzer Hospizgesellschaft begleitet Familien mit einem lebensverk\u00fcrzend erkrankten S\u00e4ugling, Kind oder Jugendlichen ab der Diagnose und w\u00e4hrend der oft jahrelangen Erkrankungsphase.<\/p>\n","protected":false},"author":2,"featured_media":0,"parent":0,"menu_order":0,"comment_status":"closed","ping_status":"closed","template":"","meta":{"footnotes":""},"class_list":["post-12","page","type-page","status-publish","hentry"],"_links":{"self":[{"href":"https:\/\/mainzer-hospiz.de\/kinderhospizdienst\/wp-json\/wp\/v2\/pages\/12","targetHints":{"allow":["GET"]}}],"collection":[{"href":"https:\/\/mainzer-hospiz.de\/kinderhospizdienst\/wp-json\/wp\/v2\/pages"}],"about":[{"href":"https:\/\/mainzer-hospiz.de\/kinderhospizdienst\/wp-json\/wp\/v2\/types\/page"}],"author":[{"embeddable":true,"href":"https:\/\/mainzer-hospiz.de\/kinderhospizdienst\/wp-json\/wp\/v2\/users\/2"}],"replies":[{"embeddable":true,"href":"https:\/\/mainzer-hospiz.de\/kinderhospizdienst\/wp-json\/wp\/v2\/comments?post=12"}],"version-history":[{"count":0,"href":"https:\/\/mainzer-hospiz.de\/kinderhospizdienst\/wp-json\/wp\/v2\/pages\/12\/revisions"}],"wp:attachment":[{"href":"https:\/\/mainzer-hospiz.de\/kinderhospizdienst\/wp-json\/wp\/v2\/media?parent=12"}],"curies":[{"name":"wp","href":"https:\/\/api.w.org\/{rel}","templated":true}]}}